{"id":3243,"date":"2024-06-24T05:17:58","date_gmt":"2024-06-24T05:17:58","guid":{"rendered":"https:\/\/elasvi.com\/?page_id=3243"},"modified":"2024-10-30T18:28:17","modified_gmt":"2024-10-30T18:28:17","slug":"acerca-de","status":"publish","type":"page","link":"https:\/\/elasvi.com\/index.php\/acerca-de\/","title":{"rendered":"Acerca de"},"content":{"rendered":"\n<h3 class=\"wp-block-heading\">\u00a1Hola!<\/h3>\n\n\n\n<p>Bienvenido a mi p\u00e1gina personal, un espacio donde comparto todo lo que voy aprendiendo en mi viaje con el software libre y otros temas tecnol\u00f3gicos. Mi objetivo es ayudar a quienes se enfrenten a los mismos problemas que yo he encontrado, ofreciendo soluciones y recursos basados en mi experiencia.<\/p>\n\n\n\n<p>Este blog refleja mis intereses y proyectos en constante evoluci\u00f3n. Aqu\u00ed no encontrar\u00e1s una estructura r\u00edgida ni un formato tradicional. En su lugar, descubrir\u00e1s un compendio de temas variados que han captado mi atenci\u00f3n en diferentes momentos.<\/p>\n\n\n\n<p>Cada art\u00edculo est\u00e1 escrito con la intenci\u00f3n de servir tanto a ustedes como a m\u00ed. Para ustedes, espero que sean gu\u00edas \u00fatiles que puedan aclarar sus dudas y facilitar su aprendizaje. Para m\u00ed, act\u00faan como un registro al que puedo volver cuando necesite recordar c\u00f3mo resolv\u00ed un problema espec\u00edfico.<\/p>\n\n\n\n<p>Gracias por visitar y por confiar en los contenidos que comparto. Espero que encuentren la informaci\u00f3n \u00fatil y que les facilite su camino en el mundo del software libre.<\/p>\n\n\n\n<p>\u00a1Saludos!<\/p>\n\n\n\n<p>Elasvi<\/p>\n","protected":false},"excerpt":{"rendered":"<p>\u00a1Hola! Bienvenido a mi p\u00e1gina personal, un espacio donde comparto todo lo que voy aprendiendo en mi viaje con el software libre y otros temas tecnol\u00f3gicos. Mi objetivo es ayudar a quienes se enfrenten a los mismos problemas que yo he encontrado, ofreciendo soluciones y recursos basados en mi experiencia. Este blog refleja mis intereses [&hellip;]<\/p>\n","protected":false},"author":1,"featured_media":0,"parent":0,"menu_order":0,"comment_status":"closed","ping_status":"closed","template":"","meta":{"site-sidebar-layout":"default","site-content-layout":"","ast-site-content-layout":"default","site-content-style":"default","site-sidebar-style":"default","ast-global-header-display":"","ast-banner-title-visibility":"","ast-main-header-display":"","ast-hfb-above-header-display":"","ast-hfb-below-header-display":"","ast-hfb-mobile-header-display":"","site-post-title":"","ast-breadcrumbs-content":"","ast-featured-img":"","footer-sml-layout":"","theme-transparent-header-meta":"","adv-header-id-meta":"","stick-header-meta":"","header-above-stick-meta":"","header-main-stick-meta":"","header-below-stick-meta":"","astra-migrate-meta-layouts":"set","ast-page-background-enabled":"default","ast-page-background-meta":{"desktop":{"background-color":"var(--ast-global-color-4)","background-image":"","background-repeat":"repeat","background-position":"center center","background-size":"auto","background-attachment":"scroll","background-type":"","background-media":"","overlay-type":"","overlay-color":"","overlay-opacity":"","overlay-gradient":""},"tablet":{"background-color":"","background-image":"","background-repeat":"repeat","background-position":"center center","background-size":"auto","background-attachment":"scroll","background-type":"","background-media":"","overlay-type":"","overlay-color":"","overlay-opacity":"","overlay-gradient":""},"mobile":{"background-color":"","background-image":"","background-repeat":"repeat","background-position":"center center","background-size":"auto","background-attachment":"scroll","background-type":"","background-media":"","overlay-type":"","overlay-color":"","overlay-opacity":"","overlay-gradient":""}},"ast-content-background-meta":{"desktop":{"background-color":"var(--ast-global-color-5)","background-image":"","background-repeat":"repeat","background-position":"center center","background-size":"auto","background-attachment":"scroll","background-type":"","background-media":"","overlay-type":"","overlay-color":"","overlay-opacity":"","overlay-gradient":""},"tablet":{"background-color":"var(--ast-global-color-5)","background-image":"","background-repeat":"repeat","background-position":"center center","background-size":"auto","background-attachment":"scroll","background-type":"","background-media":"","overlay-type":"","overlay-color":"","overlay-opacity":"","overlay-gradient":""},"mobile":{"background-color":"var(--ast-global-color-5)","background-image":"","background-repeat":"repeat","background-position":"center center","background-size":"auto","background-attachment":"scroll","background-type":"","background-media":"","overlay-type":"","overlay-color":"","overlay-opacity":"","overlay-gradient":""}},"footnotes":""},"class_list":["post-3243","page","type-page","status-publish","hentry"],"_links":{"self":[{"href":"https:\/\/elasvi.com\/index.php\/wp-json\/wp\/v2\/pages\/3243","targetHints":{"allow":["GET"]}}],"collection":[{"href":"https:\/\/elasvi.com\/index.php\/wp-json\/wp\/v2\/pages"}],"about":[{"href":"https:\/\/elasvi.com\/index.php\/wp-json\/wp\/v2\/types\/page"}],"author":[{"embeddable":true,"href":"https:\/\/elasvi.com\/index.php\/wp-json\/wp\/v2\/users\/1"}],"replies":[{"embeddable":true,"href":"https:\/\/elasvi.com\/index.php\/wp-json\/wp\/v2\/comments?post=3243"}],"version-history":[{"count":3,"href":"https:\/\/elasvi.com\/index.php\/wp-json\/wp\/v2\/pages\/3243\/revisions"}],"predecessor-version":[{"id":3443,"href":"https:\/\/elasvi.com\/index.php\/wp-json\/wp\/v2\/pages\/3243\/revisions\/3443"}],"wp:attachment":[{"href":"https:\/\/elasvi.com\/index.php\/wp-json\/wp\/v2\/media?parent=3243"}],"curies":[{"name":"wp","href":"https:\/\/api.w.org\/{rel}","templated":true}]}}